{"id":2,"date":"2025-06-03T23:58:31","date_gmt":"2025-06-03T21:58:31","guid":{"rendered":"http:\/\/labbaffe.fr\/?page_id=2"},"modified":"2026-02-17T18:33:24","modified_gmt":"2026-02-17T17:33:24","slug":"page-d-exemple","status":"publish","type":"page","link":"https:\/\/labbaffe.fr\/","title":{"rendered":"Bienvenue"},"content":{"rendered":"\t\t<div data-elementor-type=\"wp-page\" data-elementor-id=\"2\" class=\"elementor elementor-2\">\n\t\t\t\t<div class=\"elementor-element elementor-element-ac74bd4 e-con-full e-flex e-con e-parent\" data-id=\"ac74bd4\" data-element_type=\"container\" data-e-type=\"container\" data-settings=\"{&quot;background_background&quot;:&quot;classic&quot;}\">\n\t\t\t\t<\/div>\n\t\t<div class=\"elementor-element elementor-element-85859c1 e-flex e-con-boxed e-con e-parent\" data-id=\"85859c1\" data-element_type=\"container\" data-e-type=\"container\">\n\t\t\t\t\t<div class=\"e-con-inner\">\n\t\t\t\t<div class=\"elementor-element elementor-element-88c3366 elementor-widget elementor-widget-text-editor\" data-id=\"88c3366\" data-element_type=\"widget\" data-e-type=\"widget\" data-widget_type=\"text-editor.default\">\n\t\t\t\t<div class=\"elementor-widget-container\">\n\t\t\t\t\t\t\t\t\t<h5 class=\"MsoNormal\">LA BBAFFE, c\u2019est un voyage \u00e0 la rencontre d\u2019acteurs vari\u00e9s de la construction, des \u00e9cosyst\u00e8mes et d\u2019initiatives citoyennes pour mettre en \u00e9vidence les <span style=\"color: black; mso-themecolor: text1;\">impacts \u00e9cologiques de nos pratiques constructives et de collecter des exemples de solutions et d\u00e9marches positives.<\/span><\/h5><h5>Nous sommes partis dans les pays de la zone bor\u00e9al car c&#8217;est l\u00e0 que les changements climatiques sont les plus rapides et intenses.<\/h5>\t\t\t\t\t\t\t\t<\/div>\n\t\t\t\t<\/div>\n\t\t\t\t\t<\/div>\n\t\t\t\t<\/div>\n\t\t<div class=\"elementor-element elementor-element-d83456b e-flex e-con-boxed e-con e-parent\" data-id=\"d83456b\" data-element_type=\"container\" data-e-type=\"container\">\n\t\t\t\t\t<div class=\"e-con-inner\">\n\t\t<div class=\"elementor-element elementor-element-2aa8f42 e-con-full e-flex e-con e-child\" data-id=\"2aa8f42\" data-element_type=\"container\" data-e-type=\"container\" data-settings=\"{&quot;background_background&quot;:&quot;classic&quot;}\">\n\t\t\t\t<div class=\"elementor-element elementor-element-28c48ef elementor-widget elementor-widget-counter\" data-id=\"28c48ef\" data-element_type=\"widget\" data-e-type=\"widget\" data-widget_type=\"counter.default\">\n\t\t\t\t<div class=\"elementor-widget-container\">\n\t\t\t\t\t\t\t<div class=\"elementor-counter\">\n\t\t\t<div class=\"elementor-counter-title\">mois<\/div>\t\t\t<div class=\"elementor-counter-number-wrapper\">\n\t\t\t\t<span class=\"elementor-counter-number-prefix\"><\/span>\n\t\t\t\t<span class=\"elementor-counter-number\" data-duration=\"2000\" data-to-value=\"6\" data-from-value=\"0\" data-delimiter=\",\">0<\/span>\n\t\t\t\t<span class=\"elementor-counter-number-suffix\"><\/span>\n\t\t\t<\/div>\n\t\t<\/div>\n\t\t\t\t\t\t<\/div>\n\t\t\t\t<\/div>\n\t\t\t\t<\/div>\n\t\t<div class=\"elementor-element elementor-element-a52bced e-con-full e-flex e-con e-child\" data-id=\"a52bced\" data-element_type=\"container\" data-e-type=\"container\" data-settings=\"{&quot;background_background&quot;:&quot;classic&quot;}\">\n\t\t\t\t<div class=\"elementor-element elementor-element-2b21e5c elementor-widget elementor-widget-counter\" data-id=\"2b21e5c\" data-element_type=\"widget\" data-e-type=\"widget\" data-widget_type=\"counter.default\">\n\t\t\t\t<div class=\"elementor-widget-container\">\n\t\t\t\t\t\t\t<div class=\"elementor-counter\">\n\t\t\t<div class=\"elementor-counter-title\">kilom\u00e8tres<\/div>\t\t\t<div class=\"elementor-counter-number-wrapper\">\n\t\t\t\t<span class=\"elementor-counter-number-prefix\"><\/span>\n\t\t\t\t<span class=\"elementor-counter-number\" data-duration=\"2000\" data-to-value=\"33000\" data-from-value=\"0\" data-delimiter=\".\">0<\/span>\n\t\t\t\t<span class=\"elementor-counter-number-suffix\"><\/span>\n\t\t\t<\/div>\n\t\t<\/div>\n\t\t\t\t\t\t<\/div>\n\t\t\t\t<\/div>\n\t\t\t\t<\/div>\n\t\t<div class=\"elementor-element elementor-element-92ef13b e-con-full e-flex e-con e-child\" data-id=\"92ef13b\" data-element_type=\"container\" data-e-type=\"container\" data-settings=\"{&quot;background_background&quot;:&quot;classic&quot;}\">\n\t\t\t\t<div class=\"elementor-element elementor-element-1cb6cc5 elementor-widget elementor-widget-counter\" data-id=\"1cb6cc5\" data-element_type=\"widget\" data-e-type=\"widget\" data-widget_type=\"counter.default\">\n\t\t\t\t<div class=\"elementor-widget-container\">\n\t\t\t\t\t\t\t<div class=\"elementor-counter\">\n\t\t\t<div class=\"elementor-counter-title\">entrevues<\/div>\t\t\t<div class=\"elementor-counter-number-wrapper\">\n\t\t\t\t<span class=\"elementor-counter-number-prefix\"><\/span>\n\t\t\t\t<span class=\"elementor-counter-number\" data-duration=\"2000\" data-to-value=\"70\" data-from-value=\"0\" data-delimiter=\",\">0<\/span>\n\t\t\t\t<span class=\"elementor-counter-number-suffix\"><\/span>\n\t\t\t<\/div>\n\t\t<\/div>\n\t\t\t\t\t\t<\/div>\n\t\t\t\t<\/div>\n\t\t\t\t<\/div>\n\t\t\t\t\t<\/div>\n\t\t\t\t<\/div>\n\t\t<div class=\"elementor-element elementor-element-1f0a05b e-con-full e-flex e-con e-parent\" data-id=\"1f0a05b\" data-element_type=\"container\" data-e-type=\"container\" data-settings=\"{&quot;background_background&quot;:&quot;classic&quot;}\">\n\t\t<div class=\"elementor-element elementor-element-5c1d72a e-flex e-con-boxed e-con e-child\" data-id=\"5c1d72a\" data-element_type=\"container\" data-e-type=\"container\">\n\t\t\t\t\t<div class=\"e-con-inner\">\n\t\t\t\t<div class=\"elementor-element elementor-element-09097c8 elementor-widget elementor-widget-text-editor\" data-id=\"09097c8\" data-element_type=\"widget\" data-e-type=\"widget\" data-widget_type=\"text-editor.default\">\n\t\t\t\t<div class=\"elementor-widget-container\">\n\t\t\t\t\t\t\t\t\t<h2>Un besoin, une mission, une d\u00e9marche<\/h2>\t\t\t\t\t\t\t\t<\/div>\n\t\t\t\t<\/div>\n\t\t\t\t<div class=\"elementor-element elementor-element-d274aac elementor-widget elementor-widget-text-editor\" data-id=\"d274aac\" data-element_type=\"widget\" data-e-type=\"widget\" data-widget_type=\"text-editor.default\">\n\t\t\t\t<div class=\"elementor-widget-container\">\n\t\t\t\t\t\t\t\t\t<h5>Cette exploration nous d\u00e9croche pour un temps de nos quotidiens qui nous emp\u00eachent de d\u00e9zoomer suffisamment et prendre pleinement conscience des enjeux environnementaux et soci\u00e9taux actuels. Nous nous sommes donn\u00e9 une mission large de collecte d\u2019informations sur les pratiques \u00e0 l&#8217;\u00e9tranger.<\/h5><h5>Pour cela, nous prenons contact tout le long de notre trajet avec des scientifiques de diverses disciplines, des acteurs de la fili\u00e8res bois, des architectes et ma\u00eetres d\u2019ouvrages, des politiques, des enseignants, des associations, des organisations, des collectivit\u00e9s, etc.<\/h5><h5>Notre voyage est r\u00e9alis\u00e9 dans une d\u00e9marche volontaire de limitation de notre impact environnemental\u00a0: r\u00e9flexion sur les transports (limitation de l\u2019avion au stricte n\u00e9cessaire), alimentation locale, \u2026 Ce ralentissement du voyage en am\u00e8ne une appr\u00e9ciation et une r\u00e9flexion diff\u00e9rentes.<\/h5>\t\t\t\t\t\t\t\t<\/div>\n\t\t\t\t<\/div>\n\t\t\t\t\t<\/div>\n\t\t\t\t<\/div>\n\t\t\t\t<\/div>\n\t\t<div class=\"elementor-element elementor-element-1edf731 elementor-hidden-desktop elementor-hidden-tablet elementor-hidden-mobile e-flex e-con-boxed e-con e-parent\" data-id=\"1edf731\" data-element_type=\"container\" data-e-type=\"container\">\n\t\t\t\t\t<div class=\"e-con-inner\">\n\t\t\t\t<div class=\"elementor-element elementor-element-59d70f6 penci-cinfo-style-list elementor-widget elementor-widget-penci-circle-info\" data-id=\"59d70f6\" data-element_type=\"widget\" data-e-type=\"widget\" data-widget_type=\"penci-circle-info.default\">\n\t\t\t\t<div class=\"elementor-widget-container\">\n\t\t\t\t\t\n        <div class=\"penci-cinfo \" data-settings=\"{&quot;id&quot;:&quot;penci-cinfo59d70f6&quot;,&quot;circleMoving&quot;:false,&quot;movingTime&quot;:0,&quot;mouseEvent&quot;:&quot;mouseover&quot;}\">\n            <div class=\"penci-cinfowrap\" id=\"penci-cinfo59d70f6\">\n\n                <div class=\"penci-cinfoinner\">\n\t\t\t\t\t                        <div class=\"penci-cinfosub-circle active\" data-circle-index=\"1\">\n\t\t\t\t\t\t\t\t\t\t\t\t\t\t\t\t\t\t\t\t\t\t\t\t<i aria-hidden=\"true\" class=\"fas fa-tree\"><\/i>\t\t\t\t\t\t\t\t\n\t\t\t\t\t\t\t\t\n                        <\/div>\n\t\t\t\t\t                        <div class=\"penci-cinfosub-circle\" data-circle-index=\"2\">\n\t\t\t\t\t\t\t\t\t\t\t\t\t\t\t\t\t\t\t\t\t\t\t\t<i aria-hidden=\"true\" class=\"fas fa-water\"><\/i>\t\t\t\t\t\t\t\t\n\t\t\t\t\t\t\t\t\n                        <\/div>\n\t\t\t\t\t                        <div class=\"penci-cinfosub-circle\" data-circle-index=\"3\">\n\t\t\t\t\t\t\t\t\t\t\t\t\t\t\t\t\t\t\t\t\t\t\t\t<i aria-hidden=\"true\" class=\"fas fa-pastafarianism\"><\/i>\t\t\t\t\t\t\t\t\n\t\t\t\t\t\t\t\t\n                        <\/div>\n\t\t\t\t\t                        <div class=\"penci-cinfosub-circle\" data-circle-index=\"4\">\n\t\t\t\t\t\t\t\t\t\t\t\t\t\t\t\t\t\t\t\t\t\t\t\t<i aria-hidden=\"true\" class=\"fas fa-recycle\"><\/i>\t\t\t\t\t\t\t\t\n\t\t\t\t\t\t\t\t\n                        <\/div>\n\t\t\t\t\t                        <div class=\"penci-cinfosub-circle\" data-circle-index=\"5\">\n\t\t\t\t\t\t\t\t\t\t\t\t\t\t\t\t\t\t\t\t\t\t\t\t<i aria-hidden=\"true\" class=\"far fa-building\"><\/i>\t\t\t\t\t\t\t\t\n\t\t\t\t\t\t\t\t\n                        <\/div>\n\t\t\t\t\t                        <div class=\"penci-cinfosub-circle\" data-circle-index=\"6\">\n\t\t\t\t\t\t\t\t\t\t\t\t\t\t\t\t\t\t\t\t\t\t\t\t<i aria-hidden=\"true\" class=\"fas fa-chalkboard-teacher\"><\/i>\t\t\t\t\t\t\t\t\n\t\t\t\t\t\t\t\t\n                        <\/div>\n\t\t\t\t\t                <\/div>\n\n                <div class=\"penci-cinfocontent\">\n\t\t\t\t\t\n                        <div class=\"penci-cinfoitem icci1 elementor-repeater-item-64a213c active\">\n\n\t\t\t\t\t\t\t                                <div class=\"penci-cinfoicon d-md-none\">\n\t\t\t\t\t\t\t\t\t\t\t\t\t\t\t\t\t\t\t<i aria-hidden=\"true\" class=\"fas fa-tree\"><\/i>\t\t\t\t\t\t\t\t\t\t                                <\/div>\n\t\t\t\t\t\t\t\n                            <div class=\"penci-cinfocontent-inner\">\n                                <div>\n                                    <a href=\"#\">\n                                        <span class=\"penci-cinfotitle\"                                        >\n\t\t\t\t\t\t\t\t\t\tLa for\u00eat                                    <\/span>\n                                    <\/a>\n                                <\/div>\n\n                                <div class=\"penci-cinfodesc\">\n\t\t\t\t\t\t\t\t\t<p>L'arbre comme ressource<\/p>                                <\/div>\n                            <\/div>\n\n                        <\/div>\n\n\t\t\t\t\t\n                        <div class=\"penci-cinfoitem icci2 elementor-repeater-item-486ad2f\">\n\n\t\t\t\t\t\t\t                                <div class=\"penci-cinfoicon d-md-none\">\n\t\t\t\t\t\t\t\t\t\t\t\t\t\t\t\t\t\t\t<i aria-hidden=\"true\" class=\"fas fa-water\"><\/i>\t\t\t\t\t\t\t\t\t\t                                <\/div>\n\t\t\t\t\t\t\t\n                            <div class=\"penci-cinfocontent-inner\">\n                                <div>\n                                    <a href=\"#\">\n                                        <span class=\"penci-cinfotitle penci-cinfotitle\"                                        >\n\t\t\t\t\t\t\t\t\t\tLe cycle de l'eau                                    <\/span>\n                                    <\/a>\n                                <\/div>\n\n                                <div class=\"penci-cinfodesc\">\n\t\t\t\t\t\t\t\t\t<p>petite explication<\/p>                                <\/div>\n                            <\/div>\n\n                        <\/div>\n\n\t\t\t\t\t\n                        <div class=\"penci-cinfoitem icci3 elementor-repeater-item-881b84a\">\n\n\t\t\t\t\t\t\t                                <div class=\"penci-cinfoicon d-md-none\">\n\t\t\t\t\t\t\t\t\t\t\t\t\t\t\t\t\t\t\t<i aria-hidden=\"true\" class=\"fas fa-pastafarianism\"><\/i>\t\t\t\t\t\t\t\t\t\t                                <\/div>\n\t\t\t\t\t\t\t\n                            <div class=\"penci-cinfocontent-inner\">\n                                <div>\n                                    <a href=\"#\">\n                                        <span class=\"penci-cinfotitle penci-cinfotitle penci-cinfotitle\"                                        >\n\t\t\t\t\t\t\t\t\t\tLa biodiversit\u00e9                                    <\/span>\n                                    <\/a>\n                                <\/div>\n\n                                <div class=\"penci-cinfodesc\">\n\t\t\t\t\t\t\t\t\t<p>terrestre et marine<\/p>                                <\/div>\n                            <\/div>\n\n                        <\/div>\n\n\t\t\t\t\t\n                        <div class=\"penci-cinfoitem icci4 elementor-repeater-item-b0dd0b1\">\n\n\t\t\t\t\t\t\t                                <div class=\"penci-cinfoicon d-md-none\">\n\t\t\t\t\t\t\t\t\t\t\t\t\t\t\t\t\t\t\t<i aria-hidden=\"true\" class=\"fas fa-recycle\"><\/i>\t\t\t\t\t\t\t\t\t\t                                <\/div>\n\t\t\t\t\t\t\t\n                            <div class=\"penci-cinfocontent-inner\">\n                                <div>\n                                    <a href=\"#\">\n                                        <span class=\"penci-cinfotitle penci-cinfotitle penci-cinfotitle penci-cinfotitle\"                                        >\n\t\t\t\t\t\t\t\t\t\tLa gestion des \u00e9cosyst\u00e8mes                                    <\/span>\n                                    <\/a>\n                                <\/div>\n\n                                <div class=\"penci-cinfodesc\">\n\t\t\t\t\t\t\t\t\t<p>petite explication<\/p>                                <\/div>\n                            <\/div>\n\n                        <\/div>\n\n\t\t\t\t\t\n                        <div class=\"penci-cinfoitem icci5 elementor-repeater-item-c30b255\">\n\n\t\t\t\t\t\t\t                                <div class=\"penci-cinfoicon d-md-none\">\n\t\t\t\t\t\t\t\t\t\t\t\t\t\t\t\t\t\t\t<i aria-hidden=\"true\" class=\"far fa-building\"><\/i>\t\t\t\t\t\t\t\t\t\t                                <\/div>\n\t\t\t\t\t\t\t\n                            <div class=\"penci-cinfocontent-inner\">\n                                <div>\n                                    <a href=\"#\">\n                                        <span class=\"penci-cinfotitle penci-cinfotitle penci-cinfotitle penci-cinfotitle penci-cinfotitle\"                                        >\n\t\t\t\t\t\t\t\t\t\tL'architecture frugale                                    <\/span>\n                                    <\/a>\n                                <\/div>\n\n                                <div class=\"penci-cinfodesc\">\n\t\t\t\t\t\t\t\t\t<p>petite explication<\/p>                                <\/div>\n                            <\/div>\n\n                        <\/div>\n\n\t\t\t\t\t\n                        <div class=\"penci-cinfoitem icci6 elementor-repeater-item-9b22d2b\">\n\n\t\t\t\t\t\t\t                                <div class=\"penci-cinfoicon d-md-none\">\n\t\t\t\t\t\t\t\t\t\t\t\t\t\t\t\t\t\t\t<i aria-hidden=\"true\" class=\"fas fa-chalkboard-teacher\"><\/i>\t\t\t\t\t\t\t\t\t\t                                <\/div>\n\t\t\t\t\t\t\t\n                            <div class=\"penci-cinfocontent-inner\">\n                                <div>\n                                    <a href=\"#\">\n                                        <span class=\"penci-cinfotitle penci-cinfotitle penci-cinfotitle penci-cinfotitle penci-cinfotitle penci-cinfotitle\"                                        >\n\t\t\t\t\t\t\t\t\t\tL'\u00e9ducation                                    <\/span>\n                                    <\/a>\n                                <\/div>\n\n                                <div class=\"penci-cinfodesc\">\n\t\t\t\t\t\t\t\t\t<p>petite explication<\/p>                                <\/div>\n                            <\/div>\n\n                        <\/div>\n\n\t\t\t\t\t\n                <\/div>\n\n            <\/div>\n        <\/div>\n\n\t\t\t\t\t\t<\/div>\n\t\t\t\t<\/div>\n\t\t\t\t\t<\/div>\n\t\t\t\t<\/div>\n\t\t<div class=\"elementor-element elementor-element-ae19d49 e-con-full e-flex e-con e-parent\" data-id=\"ae19d49\" data-element_type=\"container\" data-e-type=\"container\" data-settings=\"{&quot;background_background&quot;:&quot;classic&quot;}\">\n\t\t<div class=\"elementor-element elementor-element-8e95672 e-flex e-con-boxed e-con e-child\" data-id=\"8e95672\" data-element_type=\"container\" data-e-type=\"container\">\n\t\t\t\t\t<div class=\"e-con-inner\">\n\t\t\t\t<div class=\"elementor-element elementor-element-fad0b02 elementor-widget elementor-widget-text-editor\" data-id=\"fad0b02\" data-element_type=\"widget\" data-e-type=\"widget\" data-widget_type=\"text-editor.default\">\n\t\t\t\t<div class=\"elementor-widget-container\">\n\t\t\t\t\t\t\t\t\t<h2>Un double objectif<\/h2>\t\t\t\t\t\t\t\t<\/div>\n\t\t\t\t<\/div>\n\t\t\t\t<div class=\"elementor-element elementor-element-c8d5e63 elementor-widget elementor-widget-text-editor\" data-id=\"c8d5e63\" data-element_type=\"widget\" data-e-type=\"widget\" data-widget_type=\"text-editor.default\">\n\t\t\t\t<div class=\"elementor-widget-container\">\n\t\t\t\t\t\t\t\t\t<h5>En tant qu\u2019ambassadeurs officiels du Forum Bois Construction, nous pr\u00e9parons une restitution de notre voyage pour l\u2019\u00e9dition de f\u00e9vrier 2026 et nous faisons la promotion de cet \u00e9v\u00e8nement majeur pour la construction d\u00e9carbon\u00e9e, le nouveau BTP\u00a0: Bois Terre Paille.<\/h5><h5>En tant que citoyens, nous tentons de transmettre notre prise de conscience de la fragilit\u00e9 de notre avenir sur cette plan\u00e8te et de la n\u00e9cessit\u00e9 de changer nos modes de vie, avec des exemples inspirants et des moments d\u2019\u00e9merveillement face \u00e0 la beaut\u00e9 de la nature.<\/h5><h5>Nos exp\u00e9riences sont \u00e0 retrouver dans la page &#8220;Nos r\u00e9cits&#8221;<\/h5>\t\t\t\t\t\t\t\t<\/div>\n\t\t\t\t<\/div>\n\t\t\t\t\t<\/div>\n\t\t\t\t<\/div>\n\t\t\t\t<\/div>\n\t\t<div class=\"elementor-element elementor-element-ebb7619 e-flex e-con-boxed e-con e-parent\" data-id=\"ebb7619\" data-element_type=\"container\" data-e-type=\"container\">\n\t\t\t\t\t<div class=\"e-con-inner\">\n\t\t\t\t<div class=\"elementor-element elementor-element-2e7768f elementor-widget elementor-widget-text-editor\" data-id=\"2e7768f\" data-element_type=\"widget\" data-e-type=\"widget\" data-widget_type=\"text-editor.default\">\n\t\t\t\t<div class=\"elementor-widget-container\">\n\t\t\t\t\t\t\t\t\t<h2>Nos derniers articles<\/h2>\t\t\t\t\t\t\t\t<\/div>\n\t\t\t\t<\/div>\n\t\t\t\t<div class=\"elementor-element elementor-element-97ef0f5 elementor-widget elementor-widget-penci-popular-posts\" data-id=\"97ef0f5\" data-element_type=\"widget\" data-e-type=\"widget\" data-widget_type=\"penci-popular-posts.default\">\n\t\t\t\t<div class=\"elementor-widget-container\">\n\t\t\t\t\t            <div id=\"pencipopular_posts_67203\" class=\"penci-popular-posts-sc hide-heading\">\n                <div class=\"penci-home-popular-posts use-heading-default\">\n\t\t\t\t\t\n                    <div class=\"swiper penci-owl-carousel penci-owl-carousel-slider penci-related-carousel penci-home-popular-post\" data-loop=\"false\"                         data-lazy=\"true\" data-item=\"3\" data-desktop=\"3\"\n                         data-tablet=\"3\" data-tabsmall=\"2\" data-auto=\"false\" data-speed=\"300\"\n                         data-dots=\"true\" data-nav=\"false\">\n                        <div class=\"swiper-wrapper\">\n\t\t\t\t\t\t\t                                <div class=\"item-related swiper-slide\">\n                                    <div class=\"item-related-inner\">\n\t\t\t\t\t\t\t\t\t\t\t\t\t\t\t\t\t\t\t\t\t\n                                            <a  data-bgset=\"https:\/\/labbaffe.fr\/wp-content\/uploads\/2025\/06\/c1eb58aa-3292-41d0-90c9-08f55e52ac38-585x390.jpg\"                                                    class=\"penci-lazy related-thumb penci-image-holder penci-lazy\"\n                                                    href=\"https:\/\/labbaffe.fr\/index.php\/2025\/06\/29\/entrevue-podcast-la-muse-saint-didier\/\"\n                                                    title=\"Entrevue podcast La Muse [Saint-Didier]\">\n\n\t\t\t\t\t\t\t\t\t\t\t\t\n\t\t\t\t\t\t\t\t\t\t\t\t                                            <\/a>\n\t\t\t\t\t\t\t\t\t\t\n                                        <h3><a title=\"Entrevue podcast La Muse [Saint-Didier]\"\n                                               href=\"https:\/\/labbaffe.fr\/index.php\/2025\/06\/29\/entrevue-podcast-la-muse-saint-didier\/\">Entrevue podcast La Muse [Saint-Didier]<\/a>\n                                        <\/h3>\n\t\t\t\t\t\t\t\t\t\t                                            <span class=\"date\"><time class=\"entry-date published\" datetime=\"2025-06-29T14:30:00+02:00\">29 juin 2025<\/time><\/span>\n\t\t\t\t\t\t\t\t\t\t                                    <\/div>\n                                <\/div>\n\t\t\t\t\t\t\t                                <div class=\"item-related swiper-slide\">\n                                    <div class=\"item-related-inner\">\n\t\t\t\t\t\t\t\t\t\t\t\t\t\t\t\t\t\t\t\t\t\n                                            <a  data-bgset=\"https:\/\/labbaffe.fr\/wp-content\/uploads\/2026\/02\/INSTA02-585x390.png\"                                                    class=\"penci-lazy related-thumb penci-image-holder penci-lazy\"\n                                                    href=\"https:\/\/labbaffe.fr\/index.php\/2025\/07\/05\/nicole-valkyser-bergmann-nvbcom-dusselorf\/\"\n                                                    title=\"Nicole Valkyser-Bergmann &#8211; NVBCOM [D\u00fcsselorf]\">\n\n\t\t\t\t\t\t\t\t\t\t\t\t\n\t\t\t\t\t\t\t\t\t\t\t\t                                            <\/a>\n\t\t\t\t\t\t\t\t\t\t\n                                        <h3><a title=\"Nicole Valkyser-Bergmann &#8211; NVBCOM [D\u00fcsselorf]\"\n                                               href=\"https:\/\/labbaffe.fr\/index.php\/2025\/07\/05\/nicole-valkyser-bergmann-nvbcom-dusselorf\/\">Nicole Valkyser-Bergmann &#8211; NVBCOM [D\u00fcsselorf]<\/a>\n                                        <\/h3>\n\t\t\t\t\t\t\t\t\t\t                                            <span class=\"date\"><time class=\"entry-date published\" datetime=\"2025-07-05T19:00:00+02:00\">5 juillet 2025<\/time><\/span>\n\t\t\t\t\t\t\t\t\t\t                                    <\/div>\n                                <\/div>\n\t\t\t\t\t\t\t                                <div class=\"item-related swiper-slide\">\n                                    <div class=\"item-related-inner\">\n\t\t\t\t\t\t\t\t\t\t\t\t\t\t\t\t\t\t\t\t\t\n                                            <a  data-bgset=\"https:\/\/labbaffe.fr\/wp-content\/uploads\/2026\/01\/06-video03-585x390.png\"                                                    class=\"penci-lazy related-thumb penci-image-holder penci-lazy\"\n                                                    href=\"https:\/\/labbaffe.fr\/index.php\/2025\/07\/09\/presentation-detudiants-architectes-la-taylor-school\/\"\n                                                    title=\"Pr\u00e9sentation d\u2019\u00e9tudiants architectes\u00a0: La Taylor School [Hamburg]\">\n\n\t\t\t\t\t\t\t\t\t\t\t\t\n\t\t\t\t\t\t\t\t\t\t\t\t                                            <\/a>\n\t\t\t\t\t\t\t\t\t\t\n                                        <h3><a title=\"Pr\u00e9sentation d\u2019\u00e9tudiants architectes\u00a0: La Taylor School [Hamburg]\"\n                                               href=\"https:\/\/labbaffe.fr\/index.php\/2025\/07\/09\/presentation-detudiants-architectes-la-taylor-school\/\">Pr\u00e9sentation d\u2019\u00e9tudiants architectes\u00a0: La Taylor School [Hamburg]<\/a>\n                                        <\/h3>\n\t\t\t\t\t\t\t\t\t\t                                            <span class=\"date\"><time class=\"entry-date published\" datetime=\"2025-07-09T11:00:00+02:00\">9 juillet 2025<\/time><\/span>\n\t\t\t\t\t\t\t\t\t\t                                    <\/div>\n                                <\/div>\n\t\t\t\t\t\t\t                        <\/div>\n                    <\/div>\n                <\/div>\n            <\/div><!-- penci-popular_posts-sc -->\n\t\t\t\t\t\t\t<\/div>\n\t\t\t\t<\/div>\n\t\t\t\t\t<\/div>\n\t\t\t\t<\/div>\n\t\t\t\t<\/div>\n\t\t","protected":false},"excerpt":{"rendered":"<p>LA BBAFFE, c\u2019est un voyage \u00e0 la rencontre d\u2019acteurs vari\u00e9s de la construction, des \u00e9cosyst\u00e8mes et d\u2019initiatives citoyennes pour mettre en \u00e9vidence&hellip;<\/p>\n","protected":false},"author":1,"featured_media":0,"parent":0,"menu_order":0,"comment_status":"closed","ping_status":"closed","template":"page-fullwidth.php","meta":{"content-type":"","_lmt_disableupdate":"","_lmt_disable":"","footnotes":""},"class_list":["post-2","page","type-page","status-publish","hentry"],"_links":{"self":[{"href":"https:\/\/labbaffe.fr\/index.php\/wp-json\/wp\/v2\/pages\/2","targetHints":{"allow":["GET"]}}],"collection":[{"href":"https:\/\/labbaffe.fr\/index.php\/wp-json\/wp\/v2\/pages"}],"about":[{"href":"https:\/\/labbaffe.fr\/index.php\/wp-json\/wp\/v2\/types\/page"}],"author":[{"embeddable":true,"href":"https:\/\/labbaffe.fr\/index.php\/wp-json\/wp\/v2\/users\/1"}],"replies":[{"embeddable":true,"href":"https:\/\/labbaffe.fr\/index.php\/wp-json\/wp\/v2\/comments?post=2"}],"version-history":[{"count":358,"href":"https:\/\/labbaffe.fr\/index.php\/wp-json\/wp\/v2\/pages\/2\/revisions"}],"predecessor-version":[{"id":3877,"href":"https:\/\/labbaffe.fr\/index.php\/wp-json\/wp\/v2\/pages\/2\/revisions\/3877"}],"wp:attachment":[{"href":"https:\/\/labbaffe.fr\/index.php\/wp-json\/wp\/v2\/media?parent=2"}],"curies":[{"name":"wp","href":"https:\/\/api.w.org\/{rel}","templated":true}]}}