{"id":2231,"date":"2025-12-12T19:18:22","date_gmt":"2025-12-12T18:18:22","guid":{"rendered":"https:\/\/labbaffe.fr\/?page_id=2231"},"modified":"2026-02-07T22:44:56","modified_gmt":"2026-02-07T21:44:56","slug":"qui-sommes-nous","status":"publish","type":"page","link":"https:\/\/labbaffe.fr\/index.php\/qui-sommes-nous\/","title":{"rendered":"Les explorateurs"},"content":{"rendered":"\t\t<div data-elementor-type=\"wp-page\" data-elementor-id=\"2231\" class=\"elementor elementor-2231\">\n\t\t\t\t<div class=\"elementor-element elementor-element-0ec7539 e-grid e-con-full e-con e-parent\" data-id=\"0ec7539\" data-element_type=\"container\" data-e-type=\"container\">\n\t\t\t\t<div class=\"elementor-element elementor-element-afa2703 elementor-widget elementor-widget-penci-about-me\" data-id=\"afa2703\" data-element_type=\"widget\" data-e-type=\"widget\" data-widget_type=\"penci-about-me.default\">\n\t\t\t\t<div class=\"elementor-widget-container\">\n\t\t\t\t\t\t\t<div class=\"penci-block-vc penci-about-me\">\n\t\t\t    <div class=\"penci-border-arrow penci-homepage-title penci-home-latest-posts style-4 pcalign-center pciconp-right pcicon-right block-title-icon-left\">\n        <h3 class=\"inner-arrow\">\n        <span>\n                    <span>Julie<\/a>                <\/span>\n        <\/h3>\n\t\t        <\/div>\n\t\t\t\t\t<div class=\"penci-block_content about-widget pc_aligncenter\">\n\t\t\t\t\t\t\t\t\t\t\t\t\t\t\t\t\t\t\t\t<img decoding=\"async\" class=\"penci-widget-about-image nopin penci-lazy\" nopin=\"nopin\" width=\"1170\" height=\"\" src=\"data:image\/svg+xml,%3Csvg%20xmlns=&#039;http:\/\/www.w3.org\/2000\/svg&#039;%20viewBox=&#039;0%200%201170%20663&#039;%3E%3C\/svg%3E\" data-src=\"https:\/\/labbaffe.fr\/wp-content\/uploads\/2025\/09\/20250921_015002-scaled-e1758747693647-1170x663.jpg\" alt=\"architecte d.p.l.g.\"\/>\n\t\t\t\t\t\t\t\t\t\t\t\t\t\t\n\t\t\t\t\t\t\t\t<h3 class=\"about-me-heading\">architecte d.p.l.g.<\/h3>\n\t\t\n\t\t\t\t\t\t\t<div class=\"penci-aboutme-content\"><p>Julie est le moteur : toujours une id\u00e9e en t\u00eate, elle utilise son \u00e9nergie \u00e0 rendre les choses possibles. Porte-parole intarissable, sa conviction profonde est la source de l'engagement responsable du voyage.<\/p><\/div>\n\t\t\t\t\t<\/div>\n\t\t<\/div>\n\t\t\t\t\t\t<\/div>\n\t\t\t\t<\/div>\n\t\t\t\t<div class=\"elementor-element elementor-element-a9599e2 elementor-widget elementor-widget-penci-about-me\" data-id=\"a9599e2\" data-element_type=\"widget\" data-e-type=\"widget\" data-widget_type=\"penci-about-me.default\">\n\t\t\t\t<div class=\"elementor-widget-container\">\n\t\t\t\t\t\t\t<div class=\"penci-block-vc penci-about-me\">\n\t\t\t    <div class=\"penci-border-arrow penci-homepage-title penci-home-latest-posts style-4 pcalign-center pciconp-right pcicon-right block-title-icon-left\">\n        <h3 class=\"inner-arrow\">\n        <span>\n                    <span>Vincent<\/a>                <\/span>\n        <\/h3>\n\t\t        <\/div>\n\t\t\t\t\t<div class=\"penci-block_content about-widget pc_aligncenter\">\n\t\t\t\t\t\t\t\t\t\t\t\t\t\t\t\t\t\t\t\t<img decoding=\"async\" class=\"penci-widget-about-image nopin penci-lazy\" nopin=\"nopin\" width=\"1170\" height=\"\" src=\"data:image\/svg+xml,%3Csvg%20xmlns=&#039;http:\/\/www.w3.org\/2000\/svg&#039;%20viewBox=&#039;0%200%201170%20663&#039;%3E%3C\/svg%3E\" data-src=\"https:\/\/labbaffe.fr\/wp-content\/uploads\/2025\/12\/VH-portrait-mini-1170x663.jpg\" alt=\"acousticien\"\/>\n\t\t\t\t\t\t\t\t\t\t\t\t\t\t\n\t\t\t\t\t\t\t\t<h3 class=\"about-me-heading\">acousticien<\/h3>\n\t\t\n\t\t\t\t\t\t\t<div class=\"penci-aboutme-content\"><p>Vincent est le couteau-suisse : bricoleur, cuisinier, traducteur, navigateur, comptable, informaticien, intendant, etc. Il . C'est aussi la plume qui vous permet de vous plonger dans cette aventure.<\/p><\/div>\n\t\t\t\t\t<\/div>\n\t\t<\/div>\n\t\t\t\t\t\t<\/div>\n\t\t\t\t<\/div>\n\t\t\t\t<div class=\"elementor-element elementor-element-f7a32f3 elementor-widget elementor-widget-penci-about-me\" data-id=\"f7a32f3\" data-element_type=\"widget\" data-e-type=\"widget\" data-widget_type=\"penci-about-me.default\">\n\t\t\t\t<div class=\"elementor-widget-container\">\n\t\t\t\t\t\t\t<div class=\"penci-block-vc penci-about-me\">\n\t\t\t    <div class=\"penci-border-arrow penci-homepage-title penci-home-latest-posts style-4 pcalign-center pciconp-right pcicon-right block-title-icon-left\">\n        <h3 class=\"inner-arrow\">\n        <span>\n                    <span>Marcelin<\/a>                <\/span>\n        <\/h3>\n\t\t        <\/div>\n\t\t\t\t\t<div class=\"penci-block_content about-widget pc_aligncenter\">\n\t\t\t\t\t\t\t\t\t\t\t\t\t\t\t\t\t\t\t\t<img decoding=\"async\" class=\"penci-widget-about-image nopin penci-lazy\" nopin=\"nopin\" width=\"1170\" height=\"\" src=\"data:image\/svg+xml,%3Csvg%20xmlns=&#039;http:\/\/www.w3.org\/2000\/svg&#039;%20viewBox=&#039;0%200%201170%20663&#039;%3E%3C\/svg%3E\" data-src=\"https:\/\/labbaffe.fr\/wp-content\/uploads\/2025\/08\/IMG_3827-1170x663.jpeg\" alt=\"explorateur junior\"\/>\n\t\t\t\t\t\t\t\t\t\t\t\t\t\t\n\t\t\t\t\t\t\t\t<h3 class=\"about-me-heading\">explorateur junior<\/h3>\n\t\t\n\t\t\t\t\t\t\t<div class=\"penci-aboutme-content\"><p>Marcelin est l'\u00e9tincelle : il est l'initiateur du voyage et celui par lequel tout peut arriver. Curieux, perspicace et ouvert aux autres, il lib\u00e8re la parole et f\u00e9d\u00e8re autour de lui.<\/p><\/div>\n\t\t\t\t\t<\/div>\n\t\t<\/div>\n\t\t\t\t\t\t<\/div>\n\t\t\t\t<\/div>\n\t\t\t\t<\/div>\n\t\t<div class=\"elementor-element elementor-element-c9e41a0 e-flex e-con-boxed e-con e-parent\" data-id=\"c9e41a0\" data-element_type=\"container\" data-e-type=\"container\">\n\t\t\t\t\t<div class=\"e-con-inner\">\n\t\t\t\t<div class=\"elementor-element elementor-element-77213b5 elementor-widget elementor-widget-penci-block-heading\" data-id=\"77213b5\" data-element_type=\"widget\" data-e-type=\"widget\" data-widget_type=\"penci-block-heading.default\">\n\t\t\t\t<div class=\"elementor-widget-container\">\n\t\t\t\t\t\t\t<div class=\"penciel-bheading penci-border-arrow penci-homepage-title penci-home-latest-posts style-4 pcalign-center pciconp-right pcicon-right block-title-icon-left\">\n\t\t\t<h3 class=\"inner-arrow\">\n\t\t\t\t<span>\n\t\t\t\t<span>Notre philosophie<\/span>\t\t\t\t<\/span>\n\t\t\t<\/h3>\n\t\t\t\t\t<\/div>\n\t\t\t\t\t\t<\/div>\n\t\t\t\t<\/div>\n\t\t\t\t\t<\/div>\n\t\t\t\t<\/div>\n\t\t<div class=\"elementor-element elementor-element-c55bc4a e-flex e-con-boxed e-con e-parent\" data-id=\"c55bc4a\" data-element_type=\"container\" data-e-type=\"container\">\n\t\t\t\t\t<div class=\"e-con-inner\">\n\t\t\t\t<div class=\"elementor-element elementor-element-8fed052 elementor-widget elementor-widget-text-editor\" data-id=\"8fed052\" data-element_type=\"widget\" data-e-type=\"widget\" data-widget_type=\"text-editor.default\">\n\t\t\t\t<div class=\"elementor-widget-container\">\n\t\t\t\t\t\t\t\t\t<p>A la crois\u00e9e du Lyonnais, du Maconnais et de l&#8217;Ain, Julie con\u00e7oit des b\u00e2timents vertueux avec des mat\u00e9riaux biosourc\u00e9s, peu transform\u00e9s, utilis\u00e9s sobrement et provenant de circuits courts. Ses r\u00e9alisations associent conception bioclimatique, confort d&#8217;usage et budget maitris\u00e9. Petite-fille d&#8217;agriculteurs, pouss\u00e9e par sa curiosit\u00e9 et son int\u00e9r\u00eat du monde forestier, elle a d\u00e9velopp\u00e9 une m\u00e9thode de travail originale et engag\u00e9e, inspir\u00e9e par le &#8220;bon sens&#8221;, tout en d\u00e9veloppant une grande connaissance de la fili\u00e8re bois. Ses projets refl\u00e8tent leur ancrage dans leurs terroirs et leurs tissus sociaux suivant les principes de la permarchitecture.<\/p>\t\t\t\t\t\t\t\t<\/div>\n\t\t\t\t<\/div>\n\t\t\t\t<div class=\"elementor-element elementor-element-4bad5bb elementor-widget elementor-widget-penci-block-heading\" data-id=\"4bad5bb\" data-element_type=\"widget\" data-e-type=\"widget\" data-widget_type=\"penci-block-heading.default\">\n\t\t\t\t<div class=\"elementor-widget-container\">\n\t\t\t\t\t\t\t<div class=\"penciel-bheading penci-border-arrow penci-homepage-title penci-home-latest-posts style-4 pcalign-center pciconp-right pcicon-right block-title-icon-left\">\n\t\t\t<h3 class=\"inner-arrow\">\n\t\t\t\t<span>\n\t\t\t\t<span>Nos engagements<\/span>\t\t\t\t<\/span>\n\t\t\t<\/h3>\n\t\t\t\t\t<\/div>\n\t\t\t\t\t\t<\/div>\n\t\t\t\t<\/div>\n\t\t\t\t\t<\/div>\n\t\t\t\t<\/div>\n\t\t<div class=\"elementor-element elementor-element-bb38f70 e-flex e-con-boxed e-con e-parent\" data-id=\"bb38f70\" data-element_type=\"container\" data-e-type=\"container\">\n\t\t\t\t\t<div class=\"e-con-inner\">\n\t\t<div class=\"elementor-element elementor-element-bbb31f5 e-con-full e-flex e-con e-child\" data-id=\"bbb31f5\" data-element_type=\"container\" data-e-type=\"container\">\n\t\t\t\t<div class=\"elementor-element elementor-element-680d70d elementor-widget elementor-widget-image\" data-id=\"680d70d\" data-element_type=\"widget\" data-e-type=\"widget\" data-widget_type=\"image.default\">\n\t\t\t\t<div class=\"elementor-widget-container\">\n\t\t\t\t\t\t\t\t\t\t\t\t\t\t\t\t<a href=\"https:\/\/www.fibois69.org\/\" target=\"_blank\">\n\t\t\t\t\t\t\t<img decoding=\"async\" src=\"https:\/\/labbaffe.fr\/wp-content\/uploads\/2025\/12\/logo-fibois-69-final.png\" title=\"logo-fibois-69-final\" alt=\"logo-fibois-69-final\" loading=\"lazy\" \/>\t\t\t\t\t\t\t\t<\/a>\n\t\t\t\t\t\t\t\t\t\t\t\t\t\t\t<\/div>\n\t\t\t\t<\/div>\n\t\t\t\t<\/div>\n\t\t<div class=\"elementor-element elementor-element-8018662 e-con-full e-flex e-con e-child\" data-id=\"8018662\" data-element_type=\"container\" data-e-type=\"container\">\n\t\t\t\t<div class=\"elementor-element elementor-element-6dadc4e elementor-widget elementor-widget-image\" data-id=\"6dadc4e\" data-element_type=\"widget\" data-e-type=\"widget\" data-widget_type=\"image.default\">\n\t\t\t\t<div class=\"elementor-widget-container\">\n\t\t\t\t\t\t\t\t\t\t\t\t\t\t\t\t<a href=\"https:\/\/frugalite.org\/\" target=\"_blank\">\n\t\t\t\t\t\t\t<img decoding=\"async\" src=\"https:\/\/labbaffe.fr\/wp-content\/uploads\/2025\/12\/frugalite-logo-final.png\" title=\"frugalite-logo-final\" alt=\"frugalite-logo-final\" loading=\"lazy\" \/>\t\t\t\t\t\t\t\t<\/a>\n\t\t\t\t\t\t\t\t\t\t\t\t\t\t\t<\/div>\n\t\t\t\t<\/div>\n\t\t\t\t<\/div>\n\t\t<div class=\"elementor-element elementor-element-199e14a e-con-full e-flex e-con e-child\" data-id=\"199e14a\" data-element_type=\"container\" data-e-type=\"container\">\n\t\t\t\t<div class=\"elementor-element elementor-element-80d270e elementor-widget elementor-widget-image\" data-id=\"80d270e\" data-element_type=\"widget\" data-e-type=\"widget\" data-widget_type=\"image.default\">\n\t\t\t\t<div class=\"elementor-widget-container\">\n\t\t\t\t\t\t\t\t\t\t\t\t\t\t\t\t<a href=\"https:\/\/www.unsfa.fr\/\" target=\"_blank\">\n\t\t\t\t\t\t\t<img decoding=\"async\" src=\"https:\/\/labbaffe.fr\/wp-content\/uploads\/2025\/12\/UNSFA-logo-final.png\" title=\"UNSFA-logo-final\" alt=\"UNSFA-logo-final\" loading=\"lazy\" \/>\t\t\t\t\t\t\t\t<\/a>\n\t\t\t\t\t\t\t\t\t\t\t\t\t\t\t<\/div>\n\t\t\t\t<\/div>\n\t\t\t\t<\/div>\n\t\t\t\t<div class=\"elementor-element elementor-element-ee09ce8 elementor-widget elementor-widget-image\" data-id=\"ee09ce8\" data-element_type=\"widget\" data-e-type=\"widget\" data-widget_type=\"image.default\">\n\t\t\t\t<div class=\"elementor-widget-container\">\n\t\t\t\t\t\t\t\t\t\t\t\t\t\t\t\t<a href=\"https:\/\/www.ville-amenagement-durable.org\/\" target=\"_blank\">\n\t\t\t\t\t\t\t<img decoding=\"async\" src=\"https:\/\/labbaffe.fr\/wp-content\/uploads\/2025\/12\/VAD-logo.png\" title=\"VAD-logo\" alt=\"VAD-logo\" loading=\"lazy\" \/>\t\t\t\t\t\t\t\t<\/a>\n\t\t\t\t\t\t\t\t\t\t\t\t\t\t\t<\/div>\n\t\t\t\t<\/div>\n\t\t<div class=\"elementor-element elementor-element-8dc2d7d e-con-full e-flex e-con e-child\" data-id=\"8dc2d7d\" data-element_type=\"container\" data-e-type=\"container\">\n\t\t\t\t<div class=\"elementor-element elementor-element-5c7dfce elementor-widget elementor-widget-image\" data-id=\"5c7dfce\" data-element_type=\"widget\" data-e-type=\"widget\" data-widget_type=\"image.default\">\n\t\t\t\t<div class=\"elementor-widget-container\">\n\t\t\t\t\t\t\t\t\t\t\t\t\t\t\t\t<a href=\"https:\/\/www.rfcp.fr\/\" target=\"_blank\">\n\t\t\t\t\t\t\t<img decoding=\"async\" src=\"https:\/\/labbaffe.fr\/wp-content\/uploads\/2025\/12\/RFCP-logo-final.png\" title=\"RFCP-logo-final\" alt=\"RFCP-logo-final\" loading=\"lazy\" \/>\t\t\t\t\t\t\t\t<\/a>\n\t\t\t\t\t\t\t\t\t\t\t\t\t\t\t<\/div>\n\t\t\t\t<\/div>\n\t\t\t\t<\/div>\n\t\t\t\t\t<\/div>\n\t\t\t\t<\/div>\n\t\t\t\t<\/div>\n\t\t","protected":false},"excerpt":{"rendered":"<p>Julie architecte d.p.l.g. Julie est le moteur : toujours une id\u00e9e en t\u00eate, elle utilise son \u00e9nergie \u00e0 rendre les choses possibles.&hellip;<\/p>\n","protected":false},"author":1,"featured_media":0,"parent":0,"menu_order":0,"comment_status":"closed","ping_status":"closed","template":"","meta":{"content-type":"","_lmt_disableupdate":"","_lmt_disable":"","footnotes":""},"class_list":["post-2231","page","type-page","status-publish","hentry"],"_links":{"self":[{"href":"https:\/\/labbaffe.fr\/index.php\/wp-json\/wp\/v2\/pages\/2231","targetHints":{"allow":["GET"]}}],"collection":[{"href":"https:\/\/labbaffe.fr\/index.php\/wp-json\/wp\/v2\/pages"}],"about":[{"href":"https:\/\/labbaffe.fr\/index.php\/wp-json\/wp\/v2\/types\/page"}],"author":[{"embeddable":true,"href":"https:\/\/labbaffe.fr\/index.php\/wp-json\/wp\/v2\/users\/1"}],"replies":[{"embeddable":true,"href":"https:\/\/labbaffe.fr\/index.php\/wp-json\/wp\/v2\/comments?post=2231"}],"version-history":[{"count":90,"href":"https:\/\/labbaffe.fr\/index.php\/wp-json\/wp\/v2\/pages\/2231\/revisions"}],"predecessor-version":[{"id":3575,"href":"https:\/\/labbaffe.fr\/index.php\/wp-json\/wp\/v2\/pages\/2231\/revisions\/3575"}],"wp:attachment":[{"href":"https:\/\/labbaffe.fr\/index.php\/wp-json\/wp\/v2\/media?parent=2231"}],"curies":[{"name":"wp","href":"https:\/\/api.w.org\/{rel}","templated":true}]}}