{"id":3881,"date":"2026-02-18T23:18:50","date_gmt":"2026-02-18T22:18:50","guid":{"rendered":"https:\/\/labbaffe.fr\/?page_id=3881"},"modified":"2026-02-18T23:18:51","modified_gmt":"2026-02-18T22:18:51","slug":"politique-de-confidentialite-2","status":"publish","type":"page","link":"https:\/\/labbaffe.fr\/index.php\/politique-de-confidentialite-2\/","title":{"rendered":"Politique de confidentialit\u00e9"},"content":{"rendered":"\n<h2 class=\"wp-block-heading\">Qui sommes-nous&nbsp;?<\/h2>\n\n\n\n<p><strong class=\"privacy-policy-tutorial\">Julie et Vincent Herrgott<\/strong>. L\u2019adresse de notre site est\u00a0: https:\/\/labbaffe.fr.<\/p>\n\n\n\n<h2 class=\"wp-block-heading\">Commentaires<\/h2>\n\n\n\n<p>Ce site internet n&#8217;est pas ouvert aux commentaires.<\/p>\n\n\n\n<h2 class=\"wp-block-heading\">M\u00e9dias<\/h2>\n\n\n\n<p>Ce site internet n&#8217;est pas ouvert au versement de m\u00e9dias de la part des visiteurs.<\/p>\n\n\n\n<h2 class=\"wp-block-heading\">Cookies<\/h2>\n\n\n\n<p>Ce site internet n&#8217;utilise pas de cookies<\/p>\n\n\n\n<h2 class=\"wp-block-heading\">Contenu embarqu\u00e9 depuis d\u2019autres sites<\/h2>\n\n\n\n<p>Les articles de ce site peuvent inclure des contenus int\u00e9gr\u00e9s (par exemple des vid\u00e9os, images, articles\u2026). Le contenu int\u00e9gr\u00e9 depuis d\u2019autres sites se comporte de la m\u00eame mani\u00e8re que si le visiteur se rendait sur cet autre site. Ces sites web pourraient collecter des donn\u00e9es sur vous, utiliser des cookies, embarquer des outils de suivis tiers, suivre vos interactions avec ces contenus embarqu\u00e9s si vous disposez d\u2019un compte connect\u00e9 sur leur site web.<\/p>\n\n\n\n<h2 class=\"wp-block-heading\">Stockage de vos donn\u00e9es<\/h2>\n\n\n\n<p>Aucune donn\u00e9e personnelle n&#8217;est stock\u00e9e sur ce site internet.<\/p>\n\n\n\n<p><\/p>\n","protected":false},"excerpt":{"rendered":"<p>Qui sommes-nous&nbsp;? Julie et Vincent Herrgott. L\u2019adresse de notre site est\u00a0: https:\/\/labbaffe.fr. Commentaires Ce site internet n&#8217;est pas ouvert aux commentaires. M\u00e9dias&hellip;<\/p>\n","protected":false},"author":1,"featured_media":0,"parent":0,"menu_order":0,"comment_status":"closed","ping_status":"closed","template":"","meta":{"content-type":"","_lmt_disableupdate":"","_lmt_disable":"","footnotes":""},"class_list":["post-3881","page","type-page","status-publish","hentry"],"_links":{"self":[{"href":"https:\/\/labbaffe.fr\/index.php\/wp-json\/wp\/v2\/pages\/3881","targetHints":{"allow":["GET"]}}],"collection":[{"href":"https:\/\/labbaffe.fr\/index.php\/wp-json\/wp\/v2\/pages"}],"about":[{"href":"https:\/\/labbaffe.fr\/index.php\/wp-json\/wp\/v2\/types\/page"}],"author":[{"embeddable":true,"href":"https:\/\/labbaffe.fr\/index.php\/wp-json\/wp\/v2\/users\/1"}],"replies":[{"embeddable":true,"href":"https:\/\/labbaffe.fr\/index.php\/wp-json\/wp\/v2\/comments?post=3881"}],"version-history":[{"count":1,"href":"https:\/\/labbaffe.fr\/index.php\/wp-json\/wp\/v2\/pages\/3881\/revisions"}],"predecessor-version":[{"id":3882,"href":"https:\/\/labbaffe.fr\/index.php\/wp-json\/wp\/v2\/pages\/3881\/revisions\/3882"}],"wp:attachment":[{"href":"https:\/\/labbaffe.fr\/index.php\/wp-json\/wp\/v2\/media?parent=3881"}],"curies":[{"name":"wp","href":"https:\/\/api.w.org\/{rel}","templated":true}]}}